{"id":93,"date":"2015-11-12T16:00:58","date_gmt":"2015-11-12T15:00:58","guid":{"rendered":"http:\/\/www.vins-sparr.com\/?post_type=product&#038;p=93"},"modified":"2023-03-24T12:27:16","modified_gmt":"2023-03-24T10:27:16","slug":"aoc-alsace-cremant-brut-rose","status":"publish","type":"product","link":"https:\/\/www.vins-sparr.com\/en\/alsace-wine\/aoc-alsace-cremant-brut-rose\/","title":{"rendered":"AOC ALSACE CR\u00c9MANT"},"content":{"rendered":"<p>The Cr\u00e9mant Ros\u00e9 brut shines in a bright salmon colour, with fine sparkles bubbling in the glass. The first aromas remember lemon peel, strawberry jam and white pepper, together with crispy mineral notes. After a while, the wine opens up to an aromatic of apricots and strawberries. On the palate overall pleasant and harmonious balanced between strong body, extract and fresh fruit-acid, which is well supported by a tasty hint soft tannins. Powerfull cr\u00e9mant emphasizes with great talent for an ideal barbeque-companion and marvelous for warm summer evenings.<\/p>\n<p>Serve chilled between 6\u00b0 and 8 \u00b0C<\/p>\n<p>Ageing : 5-8 years<\/p>\n<p>Alcohol vol. : 12% alc.\/vol.<br \/>\nResidual\u00a0sugar :\u00a012,8\u00a0 g\/l<br \/>\nTotal acidity (tartric):\u00a06,53 g\/l<\/p>","protected":false},"excerpt":{"rendered":"<p>Bottle of 750 ml<\/p>\n","protected":false},"featured_media":1916,"template":"","meta":{"_acf_changed":false},"product_brand":[],"product_cat":[20,12],"product_tag":[],"class_list":{"0":"post-93","1":"product","2":"type-product","3":"status-publish","4":"has-post-thumbnail","6":"product_cat-aperitif","7":"product_cat-cremants","9":"first","10":"instock","11":"shipping-taxable","12":"purchasable","13":"product-type-simple"},"acf":[],"yoast_head":"<!-- This site is optimized with the Yoast SEO plugin v25.9 - https:\/\/yoast.com\/wordpress\/plugins\/seo\/ -->\n<title>AOC ALSACE CR\u00c9MANT - Maison PIERRE SPARR Successeurs<\/title>\n<meta name=\"robots\" content=\"index, follow, max-snippet:-1, max-image-preview:large, max-video-preview:-1\" \/>\n<link rel=\"canonical\" href=\"https:\/\/www.vins-sparr.com\/en\/vin-alsace\/aoc-alsace-cremant-brut-rose\/\" \/>\n<meta property=\"og:locale\" content=\"en_US\" \/>\n<meta property=\"og:type\" content=\"article\" \/>\n<meta property=\"og:title\" content=\"AOC ALSACE CR\u00c9MANT - Maison PIERRE SPARR Successeurs\" \/>\n<meta property=\"og:description\" content=\"Bottle of 750 ml\" \/>\n<meta property=\"og:url\" content=\"https:\/\/www.vins-sparr.com\/en\/vin-alsace\/aoc-alsace-cremant-brut-rose\/\" \/>\n<meta property=\"og:site_name\" content=\"Maison PIERRE SPARR Successeurs\" \/>\n<meta property=\"article:modified_time\" content=\"2023-03-24T10:27:16+00:00\" \/>\n<meta property=\"og:image\" content=\"https:\/\/www.vins-sparr.com\/wp-content\/uploads\/2020\/01\/0108-e1610119000205.png\" \/>\n\t<meta property=\"og:image:width\" content=\"800\" \/>\n\t<meta property=\"og:image:height\" content=\"800\" \/>\n\t<meta property=\"og:image:type\" content=\"image\/png\" \/>\n<meta name=\"twitter:card\" content=\"summary_large_image\" \/>\n<meta name=\"twitter:label1\" content=\"Est. reading time\" \/>\n\t<meta name=\"twitter:data1\" content=\"1 minute\" \/>\n<script type=\"application\/ld+json\" class=\"yoast-schema-graph\">{\"@context\":\"https:\/\/schema.org\",\"@graph\":[{\"@type\":\"WebPage\",\"@id\":\"https:\/\/www.vins-sparr.com\/en\/vin-alsace\/aoc-alsace-cremant-brut-rose\/\",\"url\":\"https:\/\/www.vins-sparr.com\/en\/vin-alsace\/aoc-alsace-cremant-brut-rose\/\",\"name\":\"AOC ALSACE CR\u00c9MANT - Maison PIERRE SPARR Successeurs\",\"isPartOf\":{\"@id\":\"https:\/\/www.vins-sparr.com\/en\/#website\"},\"primaryImageOfPage\":{\"@id\":\"https:\/\/www.vins-sparr.com\/en\/vin-alsace\/aoc-alsace-cremant-brut-rose\/#primaryimage\"},\"image\":{\"@id\":\"https:\/\/www.vins-sparr.com\/vin-alsace\/aoc-alsace-cremant-brut-rose\/#primaryimage\"},\"thumbnailUrl\":\"https:\/\/www.vins-sparr.com\/wp-content\/uploads\/2020\/01\/0108-e1610119000205.png\",\"datePublished\":\"2015-11-12T15:00:58+00:00\",\"dateModified\":\"2023-03-24T10:27:16+00:00\",\"breadcrumb\":{\"@id\":\"https:\/\/www.vins-sparr.com\/en\/vin-alsace\/aoc-alsace-cremant-brut-rose\/#breadcrumb\"},\"inLanguage\":\"en-US\",\"potentialAction\":[{\"@type\":\"ReadAction\",\"target\":[[\"https:\/\/www.vins-sparr.com\/en\/vin-alsace\/aoc-alsace-cremant-brut-rose\/\"]]}]},{\"@type\":\"ImageObject\",\"inLanguage\":\"en-US\",\"@id\":\"https:\/\/www.vins-sparr.com\/en\/vin-alsace\/aoc-alsace-cremant-brut-rose\/#primaryimage\",\"url\":\"https:\/\/www.vins-sparr.com\/wp-content\/uploads\/2020\/01\/0108-e1610119000205.png\",\"contentUrl\":\"https:\/\/www.vins-sparr.com\/wp-content\/uploads\/2020\/01\/0108-e1610119000205.png\",\"width\":800,\"height\":800},{\"@type\":\"BreadcrumbList\",\"@id\":\"https:\/\/www.vins-sparr.com\/en\/vin-alsace\/aoc-alsace-cremant-brut-rose\/#breadcrumb\",\"itemListElement\":[{\"@type\":\"ListItem\",\"position\":1,\"name\":\"Accueil\",\"item\":\"https:\/\/www.vins-sparr.com\/en\/\"},{\"@type\":\"ListItem\",\"position\":2,\"name\":\"Nos vins\",\"item\":\"https:\/\/www.vins-sparr.com\/en\/nos-vins\/\"},{\"@type\":\"ListItem\",\"position\":3,\"name\":\"AOC ALSACE CR\u00c9MANT\"}]},{\"@type\":\"WebSite\",\"@id\":\"https:\/\/www.vins-sparr.com\/en\/#website\",\"url\":\"https:\/\/www.vins-sparr.com\/en\/\",\"name\":\"Maison PIERRE SPARR Successeurs\",\"description\":\"\",\"potentialAction\":[{\"@type\":\"SearchAction\",\"target\":{\"@type\":\"EntryPoint\",\"urlTemplate\":\"https:\/\/www.vins-sparr.com\/en\/?s={search_term_string}\"},\"query-input\":{\"@type\":\"PropertyValueSpecification\",\"valueRequired\":true,\"valueName\":\"search_term_string\"}}],\"inLanguage\":\"en-US\"}]}<\/script>\n<!-- \/ Yoast SEO plugin. -->","yoast_head_json":{"title":"AOC ALSACE CR\u00c9MANT - Maison PIERRE SPARR Successeurs","robots":{"index":"index","follow":"follow","max-snippet":"max-snippet:-1","max-image-preview":"max-image-preview:large","max-video-preview":"max-video-preview:-1"},"canonical":"https:\/\/www.vins-sparr.com\/en\/vin-alsace\/aoc-alsace-cremant-brut-rose\/","og_locale":"en_US","og_type":"article","og_title":"AOC ALSACE CR\u00c9MANT - Maison PIERRE SPARR Successeurs","og_description":"Bottle of 750 ml","og_url":"https:\/\/www.vins-sparr.com\/en\/vin-alsace\/aoc-alsace-cremant-brut-rose\/","og_site_name":"Maison PIERRE SPARR Successeurs","article_modified_time":"2023-03-24T10:27:16+00:00","og_image":[{"width":800,"height":800,"url":"https:\/\/www.vins-sparr.com\/wp-content\/uploads\/2020\/01\/0108-e1610119000205.png","type":"image\/png"}],"twitter_card":"summary_large_image","twitter_misc":{"Est. reading time":"1 minute"},"schema":{"@context":"https:\/\/schema.org","@graph":[{"@type":"WebPage","@id":"https:\/\/www.vins-sparr.com\/en\/vin-alsace\/aoc-alsace-cremant-brut-rose\/","url":"https:\/\/www.vins-sparr.com\/en\/vin-alsace\/aoc-alsace-cremant-brut-rose\/","name":"AOC ALSACE CR\u00c9MANT - Maison PIERRE SPARR Successeurs","isPartOf":{"@id":"https:\/\/www.vins-sparr.com\/en\/#website"},"primaryImageOfPage":{"@id":"https:\/\/www.vins-sparr.com\/en\/vin-alsace\/aoc-alsace-cremant-brut-rose\/#primaryimage"},"image":{"@id":"https:\/\/www.vins-sparr.com\/vin-alsace\/aoc-alsace-cremant-brut-rose\/#primaryimage"},"thumbnailUrl":"https:\/\/www.vins-sparr.com\/wp-content\/uploads\/2020\/01\/0108-e1610119000205.png","datePublished":"2015-11-12T15:00:58+00:00","dateModified":"2023-03-24T10:27:16+00:00","breadcrumb":{"@id":"https:\/\/www.vins-sparr.com\/en\/vin-alsace\/aoc-alsace-cremant-brut-rose\/#breadcrumb"},"inLanguage":"en-US","potentialAction":[{"@type":"ReadAction","target":[["https:\/\/www.vins-sparr.com\/en\/vin-alsace\/aoc-alsace-cremant-brut-rose\/"]]}]},{"@type":"ImageObject","inLanguage":"en-US","@id":"https:\/\/www.vins-sparr.com\/en\/vin-alsace\/aoc-alsace-cremant-brut-rose\/#primaryimage","url":"https:\/\/www.vins-sparr.com\/wp-content\/uploads\/2020\/01\/0108-e1610119000205.png","contentUrl":"https:\/\/www.vins-sparr.com\/wp-content\/uploads\/2020\/01\/0108-e1610119000205.png","width":800,"height":800},{"@type":"BreadcrumbList","@id":"https:\/\/www.vins-sparr.com\/en\/vin-alsace\/aoc-alsace-cremant-brut-rose\/#breadcrumb","itemListElement":[{"@type":"ListItem","position":1,"name":"Accueil","item":"https:\/\/www.vins-sparr.com\/en\/"},{"@type":"ListItem","position":2,"name":"Nos vins","item":"https:\/\/www.vins-sparr.com\/en\/nos-vins\/"},{"@type":"ListItem","position":3,"name":"AOC ALSACE CR\u00c9MANT"}]},{"@type":"WebSite","@id":"https:\/\/www.vins-sparr.com\/en\/#website","url":"https:\/\/www.vins-sparr.com\/en\/","name":"Maison PIERRE SPARR Successeurs","description":"","potentialAction":[{"@type":"SearchAction","target":{"@type":"EntryPoint","urlTemplate":"https:\/\/www.vins-sparr.com\/en\/?s={search_term_string}"},"query-input":{"@type":"PropertyValueSpecification","valueRequired":true,"valueName":"search_term_string"}}],"inLanguage":"en-US"}]}},"publishpress_future_workflow_manual_trigger":{"enabledWorkflows":[]},"_links":{"self":[{"href":"https:\/\/www.vins-sparr.com\/en\/wp-json\/wp\/v2\/product\/93","targetHints":{"allow":["GET"]}}],"collection":[{"href":"https:\/\/www.vins-sparr.com\/en\/wp-json\/wp\/v2\/product"}],"about":[{"href":"https:\/\/www.vins-sparr.com\/en\/wp-json\/wp\/v2\/types\/product"}],"wp:featuredmedia":[{"embeddable":true,"href":"https:\/\/www.vins-sparr.com\/en\/wp-json\/wp\/v2\/media\/1916"}],"wp:attachment":[{"href":"https:\/\/www.vins-sparr.com\/en\/wp-json\/wp\/v2\/media?parent=93"}],"wp:term":[{"taxonomy":"product_brand","embeddable":true,"href":"https:\/\/www.vins-sparr.com\/en\/wp-json\/wp\/v2\/product_brand?post=93"},{"taxonomy":"product_cat","embeddable":true,"href":"https:\/\/www.vins-sparr.com\/en\/wp-json\/wp\/v2\/product_cat?post=93"},{"taxonomy":"product_tag","embeddable":true,"href":"https:\/\/www.vins-sparr.com\/en\/wp-json\/wp\/v2\/product_tag?post=93"}],"curies":[{"name":"wp","href":"https:\/\/api.w.org\/{rel}","templated":true}]}}