{"id":20,"date":"2015-11-10T15:01:22","date_gmt":"2015-11-10T13:01:22","guid":{"rendered":"http:\/\/www.vins-sparr.com\/?page_id=20"},"modified":"2025-09-12T10:35:17","modified_gmt":"2025-09-12T08:35:17","slug":"maitre-de-chai","status":"publish","type":"page","link":"https:\/\/www.vins-sparr.com\/en\/the-estate\/cellar-master\/","title":{"rendered":"Cellar master"},"content":{"rendered":"<p class=\"qtranxs-available-languages-message qtranxs-available-languages-message-en\">Sorry, this entry is only available in <a href=\"https:\/\/www.vins-sparr.com\/fr\/wp-json\/wp\/v2\/pages\/20\" class=\"qtranxs-available-language-link qtranxs-available-language-link-fr\" title=\"Fran\u00e7ais\">Fran\u00e7ais<\/a>.<\/p>","protected":false},"excerpt":{"rendered":"<p>Sorry, this entry is only available in Fran\u00e7ais.<\/p>\n","protected":false},"author":1,"featured_media":0,"parent":6,"menu_order":2,"comment_status":"closed","ping_status":"closed","template":"","meta":{"_acf_changed":false,"footnotes":""},"class_list":["post-20","page","type-page","status-publish","hentry"],"acf":[],"yoast_head":"<!-- This site is optimized with the Yoast SEO plugin v25.9 - https:\/\/yoast.com\/wordpress\/plugins\/seo\/ -->\n<title>Cellar master - Maison PIERRE SPARR Successeurs<\/title>\n<meta name=\"description\" content=\"D\u00e9couvrez le parcours d\u2019H\u00e9l\u00e8ne Georges, \u0153nologue passionn\u00e9e et Ma\u00eetre de Chai de la Maison Pierre Sparr Successeurs.\" \/>\n<meta name=\"robots\" content=\"index, follow, max-snippet:-1, max-image-preview:large, max-video-preview:-1\" \/>\n<link rel=\"canonical\" href=\"https:\/\/www.vins-sparr.com\/en\/la-maison\/maitre-de-chai\/\" \/>\n<meta property=\"og:locale\" content=\"en_US\" \/>\n<meta property=\"og:type\" content=\"article\" \/>\n<meta property=\"og:title\" content=\"Cellar master - Maison PIERRE SPARR Successeurs\" \/>\n<meta property=\"og:description\" content=\"D\u00e9couvrez le parcours d\u2019H\u00e9l\u00e8ne Georges, \u0153nologue passionn\u00e9e et Ma\u00eetre de Chai de la Maison Pierre Sparr Successeurs.\" \/>\n<meta property=\"og:url\" content=\"https:\/\/www.vins-sparr.com\/en\/la-maison\/maitre-de-chai\/\" \/>\n<meta property=\"og:site_name\" content=\"Maison PIERRE SPARR Successeurs\" \/>\n<meta property=\"article:modified_time\" content=\"2025-09-12T08:35:17+00:00\" \/>\n<meta name=\"twitter:card\" content=\"summary_large_image\" \/>\n<meta name=\"twitter:label1\" content=\"Est. reading time\" \/>\n\t<meta name=\"twitter:data1\" content=\"1 minute\" \/>\n<script type=\"application\/ld+json\" class=\"yoast-schema-graph\">{\"@context\":\"https:\/\/schema.org\",\"@graph\":[{\"@type\":\"WebPage\",\"@id\":\"https:\/\/www.vins-sparr.com\/en\/la-maison\/maitre-de-chai\/\",\"url\":\"https:\/\/www.vins-sparr.com\/en\/la-maison\/maitre-de-chai\/\",\"name\":\"Cellar master - Maison PIERRE SPARR Successeurs\",\"isPartOf\":{\"@id\":\"https:\/\/www.vins-sparr.com\/en\/#website\"},\"datePublished\":\"2015-11-10T13:01:22+00:00\",\"dateModified\":\"2025-09-12T08:35:17+00:00\",\"description\":\"D\u00e9couvrez le parcours d\u2019H\u00e9l\u00e8ne Georges, \u0153nologue passionn\u00e9e et Ma\u00eetre de Chai de la Maison Pierre Sparr Successeurs.\",\"breadcrumb\":{\"@id\":\"https:\/\/www.vins-sparr.com\/en\/la-maison\/maitre-de-chai\/#breadcrumb\"},\"inLanguage\":\"en-US\",\"potentialAction\":[{\"@type\":\"ReadAction\",\"target\":[[\"https:\/\/www.vins-sparr.com\/en\/la-maison\/maitre-de-chai\/\"]]}]},{\"@type\":\"BreadcrumbList\",\"@id\":\"https:\/\/www.vins-sparr.com\/en\/la-maison\/maitre-de-chai\/#breadcrumb\",\"itemListElement\":[{\"@type\":\"ListItem\",\"position\":1,\"name\":\"Accueil\",\"item\":\"https:\/\/www.vins-sparr.com\/en\/\"},{\"@type\":\"ListItem\",\"position\":2,\"name\":\"La maison\",\"item\":\"https:\/\/www.vins-sparr.com\/en\/la-maison\/\"},{\"@type\":\"ListItem\",\"position\":3,\"name\":\"Ma\u00eetre de chai\"}]},{\"@type\":\"WebSite\",\"@id\":\"https:\/\/www.vins-sparr.com\/en\/#website\",\"url\":\"https:\/\/www.vins-sparr.com\/en\/\",\"name\":\"Maison PIERRE SPARR Successeurs\",\"description\":\"\",\"potentialAction\":[{\"@type\":\"SearchAction\",\"target\":{\"@type\":\"EntryPoint\",\"urlTemplate\":\"https:\/\/www.vins-sparr.com\/en\/?s={search_term_string}\"},\"query-input\":{\"@type\":\"PropertyValueSpecification\",\"valueRequired\":true,\"valueName\":\"search_term_string\"}}],\"inLanguage\":\"en-US\"}]}<\/script>\n<!-- \/ Yoast SEO plugin. -->","yoast_head_json":{"title":"Cellar master - Maison PIERRE SPARR Successeurs","description":"D\u00e9couvrez le parcours d\u2019H\u00e9l\u00e8ne Georges, \u0153nologue passionn\u00e9e et Ma\u00eetre de Chai de la Maison Pierre Sparr Successeurs.","robots":{"index":"index","follow":"follow","max-snippet":"max-snippet:-1","max-image-preview":"max-image-preview:large","max-video-preview":"max-video-preview:-1"},"canonical":"https:\/\/www.vins-sparr.com\/en\/la-maison\/maitre-de-chai\/","og_locale":"en_US","og_type":"article","og_title":"Cellar master - Maison PIERRE SPARR Successeurs","og_description":"D\u00e9couvrez le parcours d\u2019H\u00e9l\u00e8ne Georges, \u0153nologue passionn\u00e9e et Ma\u00eetre de Chai de la Maison Pierre Sparr Successeurs.","og_url":"https:\/\/www.vins-sparr.com\/en\/la-maison\/maitre-de-chai\/","og_site_name":"Maison PIERRE SPARR Successeurs","article_modified_time":"2025-09-12T08:35:17+00:00","twitter_card":"summary_large_image","twitter_misc":{"Est. reading time":"1 minute"},"schema":{"@context":"https:\/\/schema.org","@graph":[{"@type":"WebPage","@id":"https:\/\/www.vins-sparr.com\/en\/la-maison\/maitre-de-chai\/","url":"https:\/\/www.vins-sparr.com\/en\/la-maison\/maitre-de-chai\/","name":"Cellar master - Maison PIERRE SPARR Successeurs","isPartOf":{"@id":"https:\/\/www.vins-sparr.com\/en\/#website"},"datePublished":"2015-11-10T13:01:22+00:00","dateModified":"2025-09-12T08:35:17+00:00","description":"D\u00e9couvrez le parcours d\u2019H\u00e9l\u00e8ne Georges, \u0153nologue passionn\u00e9e et Ma\u00eetre de Chai de la Maison Pierre Sparr Successeurs.","breadcrumb":{"@id":"https:\/\/www.vins-sparr.com\/en\/la-maison\/maitre-de-chai\/#breadcrumb"},"inLanguage":"en-US","potentialAction":[{"@type":"ReadAction","target":[["https:\/\/www.vins-sparr.com\/en\/la-maison\/maitre-de-chai\/"]]}]},{"@type":"BreadcrumbList","@id":"https:\/\/www.vins-sparr.com\/en\/la-maison\/maitre-de-chai\/#breadcrumb","itemListElement":[{"@type":"ListItem","position":1,"name":"Accueil","item":"https:\/\/www.vins-sparr.com\/en\/"},{"@type":"ListItem","position":2,"name":"La maison","item":"https:\/\/www.vins-sparr.com\/en\/la-maison\/"},{"@type":"ListItem","position":3,"name":"Ma\u00eetre de chai"}]},{"@type":"WebSite","@id":"https:\/\/www.vins-sparr.com\/en\/#website","url":"https:\/\/www.vins-sparr.com\/en\/","name":"Maison PIERRE SPARR Successeurs","description":"","potentialAction":[{"@type":"SearchAction","target":{"@type":"EntryPoint","urlTemplate":"https:\/\/www.vins-sparr.com\/en\/?s={search_term_string}"},"query-input":{"@type":"PropertyValueSpecification","valueRequired":true,"valueName":"search_term_string"}}],"inLanguage":"en-US"}]}},"publishpress_future_action":{"enabled":false,"date":"2026-05-24 17:15:17","action":"change-status","newStatus":"draft","terms":[],"taxonomy":"","extraData":[]},"publishpress_future_workflow_manual_trigger":{"enabledWorkflows":[]},"_links":{"self":[{"href":"https:\/\/www.vins-sparr.com\/en\/wp-json\/wp\/v2\/pages\/20","targetHints":{"allow":["GET"]}}],"collection":[{"href":"https:\/\/www.vins-sparr.com\/en\/wp-json\/wp\/v2\/pages"}],"about":[{"href":"https:\/\/www.vins-sparr.com\/en\/wp-json\/wp\/v2\/types\/page"}],"author":[{"embeddable":true,"href":"https:\/\/www.vins-sparr.com\/en\/wp-json\/wp\/v2\/users\/1"}],"replies":[{"embeddable":true,"href":"https:\/\/www.vins-sparr.com\/en\/wp-json\/wp\/v2\/comments?post=20"}],"version-history":[{"count":26,"href":"https:\/\/www.vins-sparr.com\/en\/wp-json\/wp\/v2\/pages\/20\/revisions"}],"predecessor-version":[{"id":4173,"href":"https:\/\/www.vins-sparr.com\/en\/wp-json\/wp\/v2\/pages\/20\/revisions\/4173"}],"up":[{"embeddable":true,"href":"https:\/\/www.vins-sparr.com\/en\/wp-json\/wp\/v2\/pages\/6"}],"wp:attachment":[{"href":"https:\/\/www.vins-sparr.com\/en\/wp-json\/wp\/v2\/media?parent=20"}],"curies":[{"name":"wp","href":"https:\/\/api.w.org\/{rel}","templated":true}]}}