{"id":198,"date":"2015-11-18T16:54:33","date_gmt":"2015-11-18T15:54:33","guid":{"rendered":"http:\/\/www.vins-sparr.com\/?page_id=198"},"modified":"2024-07-22T14:55:32","modified_gmt":"2024-07-22T12:55:32","slug":"mentions-legales","status":"publish","type":"page","link":"https:\/\/www.vins-sparr.com\/en\/mentions-legales\/","title":{"rendered":"Mentions l\u00e9gales"},"content":{"rendered":"<p><\/p>\n<p id=\"textementionslegales\" class=\"textespagelegal\">Vous \u00eates actuellement connect\u00e9 au site Internet officiel de la Maison\u00a0Pierre Sparr Successeurs. Ce site a pour vocation de mettre gratuitement \u00e0 la disposition du public des informations sur son activit\u00e9 et de permettre l\u2019achat en ligne de vin produit par la Maison\u00a0Pierre Sparr Successeurs. L\u2019utilisation de ce site est soumise \u00e0 la r\u00e9glementation en vigueur et aux pr\u00e9sentes conditions d\u2019utilisation .<\/p>\n<p class=\"textespagelegal\">Tous droits r\u00e9serv\u00e9s.<br \/>\nLe site que vous consultez actuellement est la propri\u00e9t\u00e9 de :<\/p>\n<p><strong>Maison Pierre Sparr Successeurs<\/strong><br \/>\n14 Rue de Hoen<br \/>\n68980 Beblenheim<br \/>\nFrance (Alsace)<\/p>\n<p>T\u00e9l : 00 33 (0)3 89\u00a078 24 22<br \/>\nFax : 00 33 (0)3 89\u00a047 32 62<br \/>\nE-mail : info@vins-sparr.com<br \/>\nN\u00b0 SIRET :\u00a077888720800016<br \/>\nN\u00b0 TVA Intracom. :\u00a0FR21778887208<br \/>\nCapital social variable<br \/>\nD\u00e9claration CNIL n\u00b0\u00a01191794<\/p>\n<p>Directeur de la publication : M. Philippe WIEDERHIRN, Directeur G\u00e9n\u00e9ral<br \/>\nResponsable de la r\u00e9daction : M. Philippe WIEDERHIRN, Directeur G\u00e9n\u00e9ral<\/p>\n<div><\/div>\n<p><strong>Informations personnelles<\/strong><br \/>\nVINS-SPARR.COM s\u2019engage \u00e0 ne pas divulguer \u00e0 des tiers vos informations personnelles. Celles-ci sont confidentielles. Elles ne seront utilis\u00e9es que pour le traitement de votre commande et pour renforcer ou personnaliser notre communication et notre offre, aupr\u00e8s de vous particuli\u00e8rement, notamment par les lettres d\u2019informations auxquelles vous serez abonn\u00e9s. Conform\u00e9ment \u00e0 la loi informatique et libert\u00e9s du 6 janvier 1978, vous disposez d\u2019un droit d\u2019acc\u00e8s, de rectification et d\u2019opposition aux donn\u00e9es personnelles vous concernant. Pour toute demande, n\u2019h\u00e9sitez pas \u00e0 nous contacter : Email : info@vins-sparr.com<br \/>\nAfin d\u2019am\u00e9liorer le service personnalis\u00e9 qui vous est destin\u00e9, VINS-SPARR.COM peut occasionnellement utiliser des cookies. Le Cookie a pour but de vous identifier et de signaler votre passage sur notre site. Nous vous informons que vous pouvez vous opposer \u00e0 l\u2019enregistrement de ces \u2018cookies\u2019 en configurant votre ordinateur selon les modalit\u00e9s d\u00e9taill\u00e9es sur le site http:\/\/www.cnil.fr.<\/p>\n<p><strong>Liens vers d\u2019autres sites<\/strong><br \/>\nLes sites propos\u00e9s sous forme de liens sur le site web Maison\u00a0Pierre Sparr Successeurs sont cr\u00e9\u00e9s par des soci\u00e9t\u00e9s ou des personnes sur lesquelles laMaison\u00a0Pierre Sparr Successeurs n\u2019a aucun pouvoir. Par cons\u00e9quent, ces sites sont susceptibles de d\u00e9poser leurs propres cookies dans les ordinateurs des personnes visitant le site Maison\u00a0Pierre Sparr Successeurs et de collecter (ou de solliciter) des donn\u00e9es personnelles. La soci\u00e9t\u00e9 Maison\u00a0Pierre Sparr Successeurs ne pourra \u00eatre tenue responsable du contenu de ces sites et de l\u2019usage qui pourra en \u00eatre fait par les utilisateurs.<\/p>\n<p><strong>Dysfonctionnement et virus<\/strong><br \/>\nLa Maison\u00a0Pierre Sparr Successeurs ne pourra \u00eatre tenue responsable de dommages directs ou indirects, pertes ou frais, r\u00e9sultant de l\u2019utilisation de ce site web, ou de l\u2019impossibilit\u00e9 pour un tiers de l\u2019utiliser, ou d\u2019un mauvais fonctionnement, d\u2019une interruption, d\u2019un virus, ou encore d\u2019un probl\u00e8me de ligne ou de syst\u00e8me.<\/p>\n<p><strong>Propri\u00e9t\u00e9 intellectuelle<\/strong><br \/>\nL\u2019acc\u00e8s \u00e0 notre site vous conf\u00e8re un droit d\u2019usage priv\u00e9 et non exclusif de ce site. L\u2019ensemble des \u00e9l\u00e9ments \u00e9dit\u00e9s sur ce site, incluant notamment les textes, photographies, infographies, logos, marques etc\u2026 constituent des oeuvres au sens du code de la Propri\u00e9t\u00e9 Intellectuelle. En cons\u00e9quence, toute repr\u00e9sentation ou reproduction, int\u00e9grale ou partielle, qui pourrait \u00eatre faite sans le consentement de leurs auteurs ou de leurs ayants droit, est illicite et donnera lieu \u00e0 des poursuites judiciaires.<\/p>\n<p><strong>H\u00e9bergement<\/strong><br \/>\nProspectiv*<br \/>\n6, rue de Mulhouse<br \/>\n68000 Colmar<\/p>","protected":false},"excerpt":{"rendered":"<p>Vous \u00eates actuellement connect\u00e9 au site Internet officiel de la Maison\u00a0Pierre Sparr Successeurs. Ce site a pour vocation de mettre gratuitement \u00e0 la disposition du public des informations sur son [&hellip;]<\/p>\n","protected":false},"author":1,"featured_media":0,"parent":0,"menu_order":8,"comment_status":"closed","ping_status":"closed","template":"","meta":{"_acf_changed":false,"footnotes":""},"class_list":["post-198","page","type-page","status-publish","hentry"],"acf":[],"yoast_head":"<!-- This site is optimized with the Yoast SEO plugin v25.9 - https:\/\/yoast.com\/wordpress\/plugins\/seo\/ -->\n<title>Mentions l\u00e9gales - Maison PIERRE SPARR Successeurs<\/title>\n<meta name=\"robots\" content=\"index, follow, max-snippet:-1, max-image-preview:large, max-video-preview:-1\" \/>\n<link rel=\"canonical\" href=\"https:\/\/www.vins-sparr.com\/en\/mentions-legales\/\" \/>\n<meta property=\"og:locale\" content=\"en_US\" \/>\n<meta property=\"og:type\" content=\"article\" \/>\n<meta property=\"og:title\" content=\"Mentions l\u00e9gales - Maison PIERRE SPARR Successeurs\" \/>\n<meta property=\"og:description\" content=\"Vous \u00eates actuellement connect\u00e9 au site Internet officiel de la Maison\u00a0Pierre Sparr Successeurs. Ce site a pour vocation de mettre gratuitement \u00e0 la disposition du public des informations sur son [&hellip;]\" \/>\n<meta property=\"og:url\" content=\"https:\/\/www.vins-sparr.com\/en\/mentions-legales\/\" \/>\n<meta property=\"og:site_name\" content=\"Maison PIERRE SPARR Successeurs\" \/>\n<meta property=\"article:modified_time\" content=\"2024-07-22T12:55:32+00:00\" \/>\n<meta name=\"twitter:card\" content=\"summary_large_image\" \/>\n<meta name=\"twitter:label1\" content=\"Est. reading time\" \/>\n\t<meta name=\"twitter:data1\" content=\"3 minutes\" \/>\n<script type=\"application\/ld+json\" class=\"yoast-schema-graph\">{\"@context\":\"https:\/\/schema.org\",\"@graph\":[{\"@type\":\"WebPage\",\"@id\":\"https:\/\/www.vins-sparr.com\/en\/mentions-legales\/\",\"url\":\"https:\/\/www.vins-sparr.com\/en\/mentions-legales\/\",\"name\":\"Mentions l\u00e9gales - Maison PIERRE SPARR Successeurs\",\"isPartOf\":{\"@id\":\"https:\/\/www.vins-sparr.com\/en\/#website\"},\"datePublished\":\"2015-11-18T15:54:33+00:00\",\"dateModified\":\"2024-07-22T12:55:32+00:00\",\"breadcrumb\":{\"@id\":\"https:\/\/www.vins-sparr.com\/en\/mentions-legales\/#breadcrumb\"},\"inLanguage\":\"en-US\",\"potentialAction\":[{\"@type\":\"ReadAction\",\"target\":[[\"https:\/\/www.vins-sparr.com\/en\/mentions-legales\/\"]]}]},{\"@type\":\"BreadcrumbList\",\"@id\":\"https:\/\/www.vins-sparr.com\/en\/mentions-legales\/#breadcrumb\",\"itemListElement\":[{\"@type\":\"ListItem\",\"position\":1,\"name\":\"Accueil\",\"item\":\"https:\/\/www.vins-sparr.com\/en\/\"},{\"@type\":\"ListItem\",\"position\":2,\"name\":\"Mentions l\u00e9gales\"}]},{\"@type\":\"WebSite\",\"@id\":\"https:\/\/www.vins-sparr.com\/en\/#website\",\"url\":\"https:\/\/www.vins-sparr.com\/en\/\",\"name\":\"Maison PIERRE SPARR Successeurs\",\"description\":\"\",\"potentialAction\":[{\"@type\":\"SearchAction\",\"target\":{\"@type\":\"EntryPoint\",\"urlTemplate\":\"https:\/\/www.vins-sparr.com\/en\/?s={search_term_string}\"},\"query-input\":{\"@type\":\"PropertyValueSpecification\",\"valueRequired\":true,\"valueName\":\"search_term_string\"}}],\"inLanguage\":\"en-US\"}]}<\/script>\n<!-- \/ Yoast SEO plugin. -->","yoast_head_json":{"title":"Mentions l\u00e9gales - Maison PIERRE SPARR Successeurs","robots":{"index":"index","follow":"follow","max-snippet":"max-snippet:-1","max-image-preview":"max-image-preview:large","max-video-preview":"max-video-preview:-1"},"canonical":"https:\/\/www.vins-sparr.com\/en\/mentions-legales\/","og_locale":"en_US","og_type":"article","og_title":"Mentions l\u00e9gales - Maison PIERRE SPARR Successeurs","og_description":"Vous \u00eates actuellement connect\u00e9 au site Internet officiel de la Maison\u00a0Pierre Sparr Successeurs. Ce site a pour vocation de mettre gratuitement \u00e0 la disposition du public des informations sur son [&hellip;]","og_url":"https:\/\/www.vins-sparr.com\/en\/mentions-legales\/","og_site_name":"Maison PIERRE SPARR Successeurs","article_modified_time":"2024-07-22T12:55:32+00:00","twitter_card":"summary_large_image","twitter_misc":{"Est. reading time":"3 minutes"},"schema":{"@context":"https:\/\/schema.org","@graph":[{"@type":"WebPage","@id":"https:\/\/www.vins-sparr.com\/en\/mentions-legales\/","url":"https:\/\/www.vins-sparr.com\/en\/mentions-legales\/","name":"Mentions l\u00e9gales - Maison PIERRE SPARR Successeurs","isPartOf":{"@id":"https:\/\/www.vins-sparr.com\/en\/#website"},"datePublished":"2015-11-18T15:54:33+00:00","dateModified":"2024-07-22T12:55:32+00:00","breadcrumb":{"@id":"https:\/\/www.vins-sparr.com\/en\/mentions-legales\/#breadcrumb"},"inLanguage":"en-US","potentialAction":[{"@type":"ReadAction","target":[["https:\/\/www.vins-sparr.com\/en\/mentions-legales\/"]]}]},{"@type":"BreadcrumbList","@id":"https:\/\/www.vins-sparr.com\/en\/mentions-legales\/#breadcrumb","itemListElement":[{"@type":"ListItem","position":1,"name":"Accueil","item":"https:\/\/www.vins-sparr.com\/en\/"},{"@type":"ListItem","position":2,"name":"Mentions l\u00e9gales"}]},{"@type":"WebSite","@id":"https:\/\/www.vins-sparr.com\/en\/#website","url":"https:\/\/www.vins-sparr.com\/en\/","name":"Maison PIERRE SPARR Successeurs","description":"","potentialAction":[{"@type":"SearchAction","target":{"@type":"EntryPoint","urlTemplate":"https:\/\/www.vins-sparr.com\/en\/?s={search_term_string}"},"query-input":{"@type":"PropertyValueSpecification","valueRequired":true,"valueName":"search_term_string"}}],"inLanguage":"en-US"}]}},"publishpress_future_action":{"enabled":false,"date":"2026-04-23 22:21:48","action":"change-status","newStatus":"draft","terms":[],"taxonomy":"","extraData":[]},"publishpress_future_workflow_manual_trigger":{"enabledWorkflows":[]},"_links":{"self":[{"href":"https:\/\/www.vins-sparr.com\/en\/wp-json\/wp\/v2\/pages\/198","targetHints":{"allow":["GET"]}}],"collection":[{"href":"https:\/\/www.vins-sparr.com\/en\/wp-json\/wp\/v2\/pages"}],"about":[{"href":"https:\/\/www.vins-sparr.com\/en\/wp-json\/wp\/v2\/types\/page"}],"author":[{"embeddable":true,"href":"https:\/\/www.vins-sparr.com\/en\/wp-json\/wp\/v2\/users\/1"}],"replies":[{"embeddable":true,"href":"https:\/\/www.vins-sparr.com\/en\/wp-json\/wp\/v2\/comments?post=198"}],"version-history":[{"count":10,"href":"https:\/\/www.vins-sparr.com\/en\/wp-json\/wp\/v2\/pages\/198\/revisions"}],"predecessor-version":[{"id":3881,"href":"https:\/\/www.vins-sparr.com\/en\/wp-json\/wp\/v2\/pages\/198\/revisions\/3881"}],"wp:attachment":[{"href":"https:\/\/www.vins-sparr.com\/en\/wp-json\/wp\/v2\/media?parent=198"}],"curies":[{"name":"wp","href":"https:\/\/api.w.org\/{rel}","templated":true}]}}