{"id":196,"date":"2015-11-18T16:50:30","date_gmt":"2015-11-18T15:50:30","guid":{"rendered":"http:\/\/www.vins-sparr.com\/?page_id=196"},"modified":"2024-11-04T15:16:14","modified_gmt":"2024-11-04T13:16:14","slug":"conditions-generales-de-vente","status":"publish","type":"page","link":"https:\/\/www.vins-sparr.com\/en\/conditions-generales-de-vente\/","title":{"rendered":"Conditions g\u00e9n\u00e9rales de vente"},"content":{"rendered":"<p><\/p>\n<p class=\"p1\" style=\"text-align: center\"><span style=\"text-decoration: underline\"><span class=\"s1\"><b>CONDITIONS GENERALES DE VENTE\u00a0:<\/b><\/span><\/span><\/p>\n<p class=\"p3\">Le site internet VINS-SPARR.COM est la propri\u00e9t\u00e9 de la soci\u00e9t\u00e9 Cave de Beblenheim pour le compte de<\/p>\n<p class=\"p3\">La Maison Pierre Sparr Successeurs<\/p>\n<p class=\"p3\">Capital de : 150,000 \u20ac<\/p>\n<p class=\"p3\">Si\u00e8ge Social : 14 rue de Hoen \u2013 BP 3 \u2013 68980 BEBLENHEIM (France)<\/p>\n<p class=\"p3\">TVA Intracom\u00a0: FR21778887208<\/p>\n<p class=\"p3\">Siret 77888720800016 &#8211; NAF 1102B<\/p>\n<p class=\"p3\">T\u00e9l : +33 (0) 3.89.78.24.22<\/p>\n<p class=\"p3\">Fax : +33 (0)3.89.47.32.62<\/p>\n<p class=\"p3\">www.vins-sparr.com<\/p>\n<p class=\"p3\"><span style=\"text-decoration: underline\"><span class=\"s1\">info@vins-sparr.com<\/span><\/span><\/p>\n<p class=\"p7\">Les pr\u00e9sentes Conditions G\u00e9n\u00e9rales de Vente s&#8217;appliquent \u00e0 l&#8217;exclusion de toutes autres conditions, notamment celles en vigueur pour les ventes effectu\u00e9es directement \u00e0 la<\/p>\n<p class=\"p7\">Maison Pierre Sparr Successeurs.<\/p>\n<p class=\"p7\">Les commandes pass\u00e9es par l\u2019interm\u00e9diaire du site VINS-SPARR.COM sont soumises de plein droit aux pr\u00e9sentes Conditions G\u00e9n\u00e9rales.<\/p>\n<p class=\"p7\"><span style=\"text-decoration: underline\"><span class=\"s1\">Article 1 \u2013 Validation de la commande <\/span><\/span><\/p>\n<p class=\"p7\">Vous d\u00e9clarez avoir pris connaissance et accept\u00e9 les pr\u00e9sentes Conditions G\u00e9n\u00e9rales de Vente \u00e0 la validation de votre commande. La validation de votre commande vaut donc acceptation pure et simple des pr\u00e9sentes Conditions G\u00e9n\u00e9rales de Vente.<\/p>\n<p class=\"p7\"><span style=\"text-decoration: underline\"><span class=\"s1\">Article 2 \u2013 Prix <\/span><\/span><\/p>\n<p class=\"p7\">Les prix qui figurent sur le site internet VINS-SPARR.COM sont indiqu\u00e9s en euros toutes taxes comprises. Ils comprennent notamment la TVA et toutes autres taxes applicables aux produits concern\u00e9s, hors frais de livraison.<\/p>\n<p class=\"p7\">La Maison Pierre Sparr Successeurs se r\u00e9serve le droit de modifier ses prix \u00e0 tout moment. Les commandes seront factur\u00e9es sur la base des tarifs en vigueur au moment de leur validation sur le site VINS-SPARR.COM.<\/p>\n<p class=\"p7\"><span style=\"text-decoration: underline\"><span class=\"s1\">Article 3 \u2013 Conditions de Paiement <\/span><\/span><\/p>\n<p class=\"p7\">La Maison Pierre Sparr Successeurs a adopt\u00e9 les proc\u00e9d\u00e9s de cryptage les plus avanc\u00e9s afin de vous garantir une s\u00e9curit\u00e9 de paiement maximale sur le site VINS-SPARR.COM. L&#8217;int\u00e9gralit\u00e9 de vos donn\u00e9es bancaires et personnelles dans le cadre d&#8217;un paiement sur le site VINS-SPARR.COM est rendu absolument inaccessible par le protocole de s\u00e9curisation SSL.<\/p>\n<p class=\"p7\">Vous pouvez r\u00e9gler vos achats sur notre site VINS-SPARR.COM des mani\u00e8res suivantes :<\/p>\n<p class=\"p7\"><b>&#8211; par carte de cr\u00e9dit<\/b><\/p>\n<p class=\"p7\">&#8211; VISA<\/p>\n<p class=\"p7\">&#8211; MasterCard<\/p>\n<p class=\"p7\">&#8211; autres Cartes Bancaires hors American Express<\/p>\n<p class=\"p7\">IMPORTANT : Votre num\u00e9ro de carte de paiement appara\u00eet dans sa totalit\u00e9 lors de la saisie du champ, mais seuls les 5 derniers chiffres seront visibles dans votre compte, les autres \u00e9tant masqu\u00e9s pour des raisons de s\u00e9curit\u00e9.<\/p>\n<p class=\"p7\"><b>&#8211; par ch\u00e8que bancaire <\/b><\/p>\n<p class=\"p7\">Vous pouvez r\u00e9gler votre commande en nous envoyant votre paiement par ch\u00e8que. Il vous suffit de s\u00e9lectionner &#8220;R\u00e8glement par ch\u00e8que&#8221; lors du choix du mode de paiement puis d\u2019imprimer votre mail de confirmation de commande ou le r\u00e9sum\u00e9 de votre commande \u00e0 l&#8217;\u00e9cran et de le joindre \u00e0 votre ch\u00e8que.<\/p>\n<p class=\"p7\">En cas de paiement par ch\u00e8que bancaire, celui-ci doit \u00eatre \u00e9mis par une banque domicili\u00e9e en France m\u00e9tropolitaine ou \u00e0 Monaco. Votre courrier est \u00e0 adresser dans les 2 jours ouvr\u00e9s suivants la validation de votre commande \u00e0 :<\/p>\n<p class=\"p7\">Maison Pierre Sparr Successeurs<\/p>\n<p class=\"p7\">Service Paiement<\/p>\n<p class=\"p7\">14 rue de Hoen<\/p>\n<p class=\"p7\">BP 3<\/p>\n<p class=\"p7\">68980 BEBLENHEIM<\/p>\n<p class=\"p7\">IMPORTANT : en cas de paiement par ch\u00e8que, les d\u00e9lais de livraison seront allong\u00e9s.<\/p>\n<p class=\"p7\">Le traitement de votre commande commencera \u00e0 la r\u00e9ception de votre ch\u00e8que.<\/p>\n<p class=\"p7\"><span style=\"text-decoration: underline\"><span class=\"s1\">Article 4 \u2013 Disponibilit\u00e9 de la marchandise <\/span><\/span><\/p>\n<p class=\"p7\">Dans l&#8217;\u00e9ventualit\u00e9 d&#8217;une indisponibilit\u00e9 de produit apr\u00e8s validation de votre commande, nous vous en informerons par mail. En cas de rupture de stock du vin command\u00e9,<\/p>\n<p class=\"p7\">la Maison Pierre Sparr Successeurs informera le client dans les plus brefs d\u00e9lais. En accord avec le client, la Maison Pierre Sparr Successeurs proposera le remplacement du mill\u00e9sime \u00e9puis\u00e9 par un mill\u00e9sime ou un produit \u00e9quivalent.<\/p>\n<p class=\"p7\"><span style=\"text-decoration: underline\"><span class=\"s1\">Article 5 \u2013 Livraison <\/span><\/span><\/p>\n<p class=\"p7\">Les prix figurant sur ce tarif s&#8217;entendent T.T.C. incluant la TVA au taux en vigueur de 20%, en capsule cong\u00e9. Prix d\u00e9part cave. Pour une livraison en France m\u00e9tropolitaine un forfait de 34 \u20ac de port est demand\u00e9.<\/p>\n<p class=\"p7\">Les produits sont livr\u00e9s \u00e0 l&#8217;adresse de livraison que vous avez indiqu\u00e9e au cours du processus de commande.<\/p>\n<p class=\"p7\">Le d\u00e9lai de livraison peut varier en fonction de la distance, de 10 \u00e0 15 jours.<\/p>\n<p class=\"p7\">Conform\u00e9ment \u00e0 l\u2019Article L 138-2 du Code de la Consommation, en cas de manquement du professionnel \u00e0 son obligation de livraison \u00e0 la date ou \u00e0 l\u2019expiration du d\u00e9lai pr\u00e9vu ou \u00e0 d\u00e9faut, au plus tard 30 jours apr\u00e8s la conclusion du contrat, le consommateur peut r\u00e9soudre le contrat par lettre recommand\u00e9e avec avis de r\u00e9ception ou par \u00e9crit sur un autre support durable si, apr\u00e8s avoir enjoint, selon les m\u00eames modalit\u00e9s, le professionnel d\u2019effectuer la livraison dans un d\u00e9lai suppl\u00e9mentaire raisonnable, ce dernier ne s\u2019est pas ex\u00e9cut\u00e9 dans ce d\u00e9lai. La Maison Pierre Sparr Successeurs proc\u00e9dera au remboursement du produit et aux frais d\u2019exp\u00e9dition, \u00e0 r\u00e9ception du produit par nos soins, complet et dans son \u00e9tat d\u2019origine, les frais de retour restant \u00e0 votre charge.<\/p>\n<p class=\"p7\">En cas d&#8217;adresse erron\u00e9e, des frais de re-livraison vous seront factur\u00e9s en sus.<\/p>\n<p class=\"p7\"><span style=\"text-decoration: underline\"><span class=\"s1\">Article 6 \u2013 Droit de r\u00e9tractation <\/span><\/span><\/p>\n<p class=\"p7\">Conform\u00e9ment aux dispositions de l\u2019article L.121-21 du Code de la Consommation, vous disposez d\u2019un d\u00e9lai de 14 jours \u00e0 compter de la r\u00e9ception de vos produits pour exercer votre droit de r\u00e9tractation aupr\u00e8s de la Maison Pierre Sparr Successeurs sans avoir \u00e0 justifier de motifs ni \u00e0 payer de p\u00e9nalit\u00e9.<\/p>\n<p class=\"p7\">En cas d\u2019exercice du droit de r\u00e9tractation dans le d\u00e9lai pr\u00e9cit\u00e9, seul le prix du ou des produits achet\u00e9s et les frais d\u2019exp\u00e9dition seront rembours\u00e9s ; les frais de retour restant \u00e0 votre charge.<\/p>\n<p class=\"p7\">Les retours sont \u00e0 effectuer dans leur \u00e9tat d&#8217;origine et complets (emballage, protections&#8230;).<\/p>\n<p class=\"p7\">(Formulaire de r\u00e9tractation disponible au bas des Conditions G\u00e9n\u00e9rales de Vente).<\/p>\n<p class=\"p7\"><span style=\"text-decoration: underline\"><span class=\"s1\">Article 7 \u2013 Protection des Mineurs <\/span><\/span><\/p>\n<p class=\"p7\">Conform\u00e9ment \u00e0 l&#8217;article L. 3342-1 du Code de la Sant\u00e9 Publique qui stipule que la vente d&#8217;alcool \u00e0 des mineurs de moins de seize (16) ans est interdite, l&#8217;acheteur confirme en validant sa commande sur le site VINS-SPARR.COM \u00e0 avoir seize (16) ans r\u00e9volus \u00e0 la date de la commande.<\/p>\n<p class=\"p7\"><span style=\"text-decoration: underline\"><span class=\"s1\">Article 8 \u2013 R\u00e9serve de Propri\u00e9t\u00e9 <\/span><\/span><\/p>\n<p class=\"p7\">La marchandise reste la propri\u00e9t\u00e9 de la Maison Pierre Sparr Successeurs jusqu&#8217;au paiement int\u00e9gral de la facture, conform\u00e9ment aux termes de la loi n\u00b080 336 du 1er mai 1980, relative \u00e0 la r\u00e9serve de propri\u00e9t\u00e9.<\/p>\n<p class=\"p7\"><span style=\"text-decoration: underline\"><span class=\"s1\">Article 9 \u2013 R\u00e9clamation <\/span><\/span><\/p>\n<p class=\"p7\">Toute r\u00e9clamation concernant des probl\u00e8mes de casse, perte ou vol de tout ou partie d&#8217;une exp\u00e9dition, devra pour \u00eatre valable, \u00eatre faite au moment de la livraison aupr\u00e8s du transporteur, par une mention expresse et d\u00e9taill\u00e9e sur le bulletin de livraison, puis nous \u00eatre confirm\u00e9e par courrier, t\u00e9l\u00e9phone ou mail sous 48 heures. Apr\u00e8s accord de nos services, les marchandises manquantes ou d\u00e9t\u00e9rior\u00e9es vous seront remplac\u00e9es gratuitement.<\/p>\n<p class=\"p7\"><span style=\"text-decoration: underline\"><span class=\"s1\">Article 10 \u2013 Confidentialit\u00e9 des donn\u00e9es personnelles<\/span><\/span><\/p>\n<p class=\"p3\">Conform\u00e9ment \u00e0 l\u2019article 39 et 40 de la loi N. 78-17 du 6 janvier 1978 modifi\u00e9e relative \u00e0 l\u2019informatique, aux fichiers et aux libert\u00e9s, vous disposez d\u2019un droit d\u2019acc\u00e8s, de rectification et de suppression des donn\u00e9es nominatives vous concernant. Vous pouvez exercer ce droit en contactant les \u00e9diteurs du site VINS-SPARR.COM aux coordonn\u00e9es ci-dessus ou par e-mail \u00e0 l\u2019adresse<\/p>\n<p class=\"p3\">info@vins-sparr.com. En vertu de la loi n\u00b0 2000-719 du 1er ao\u00fbt 2000, les coordonn\u00e9es d\u00e9clar\u00e9es par l\u2019utilisateur pourront \u00eatre communiqu\u00e9es sur r\u00e9quisition des autorit\u00e9s judiciaires.<\/p>\n<p class=\"p3\"><span style=\"text-decoration: underline\"><span class=\"s1\">Article 11 \u2013 Formulaire <\/span><\/span><\/p>\n<p class=\"p3\">Les informations recueillies aupr\u00e8s des internautes par le biais des formulaires disponibles sur le site internet VINS-SPARR.COM sont conformes aux dispositions pr\u00e9vues par la loi N. 78-17 du 6 janvier 1978 relative \u00e0 l\u2019informatique, aux fichiers et aux libert\u00e9s.<\/p>\n<p class=\"p3\"><span style=\"text-decoration: underline\"><span class=\"s1\">Article 12 \u2013 Droit de Propri\u00e9t\u00e9 Intellectuelle <\/span><\/span><\/p>\n<p class=\"p3\">La structure g\u00e9n\u00e9rale ainsi que les textes, images anim\u00e9es ou non, et tous les \u00e9l\u00e9ments composant le site internet VINS-SPARR.COM sont la propri\u00e9t\u00e9 de la Cave de Beblenheim pour le compte de la Maison Pierre Sparr Successeurs. La reproduction de tout ou partie de ce site, sur quelque support que ce soit, est formellement interdite sauf autorisation expresse de la Maison Pierre Sparr Successeurs.<\/p>\n<p class=\"p3\">Toute repr\u00e9sentation, reproduction de ce site, par quelque proc\u00e9d\u00e9 que ce soit, constituerait une contrefa\u00e7on sanctionn\u00e9e par les articles L.335-2 et suivants du Code de la Propri\u00e9t\u00e9 Intellectuelle.<\/p>\n<p class=\"p3\"><span style=\"text-decoration: underline\"><span class=\"s1\">Article 13 \u2013 Droit Applicable <\/span><\/span><\/p>\n<p class=\"p3\">Selon les dispositions de l\u2019article L.141-5, le consommateur peut saisir \u00e0 son choix, outre l\u2019une des juridictions territorialement comp\u00e9tentes en vertu du code de proc\u00e9dure civile, la juridiction du lieu o\u00f9 il demeurait au moment de la conclusion du contrat ou de la survenance du fait dommageable.<\/p>\n<p class=\"p3\"><span style=\"text-decoration: underline\"><span class=\"s1\">Article 14 \u2013 Langue Applicable <\/span><\/span><\/p>\n<p class=\"p3\">La langue d\u2019interpr\u00e9tation des pr\u00e9sentes Conditions G\u00e9n\u00e9rales de Vente est le fran\u00e7ais.<\/p>\n<p class=\"p3\"><span style=\"text-decoration: underline\"><span class=\"s1\">Article 15 &#8211; Nous Contacter &#8211; Assistance <\/span><\/span><\/p>\n<p class=\"p3\">Pour toute information compl\u00e9mentaire, vous pouvez adresser un courrier \u00e9lectronique \u00e0 l\u2019adresse info@vins-sparr.com.<\/p>\n<p class=\"p9\"><span class=\"s1\">FORMULAIRE DE RETRACTATION ACHAT PAR INTERNET\u00a0:<\/span><\/p>\n<hr \/>\n<p class=\"p9\">A l\u2019attention de la\u00a0:<\/p>\n<p class=\"p9\">Maison Pierre Sparr Successeurs<\/p>\n<p class=\"p9\">14 rue de Hoen \u2013 BP 3<\/p>\n<p class=\"p9\">68980 BEBLENHEIM<\/p>\n<p class=\"p9\">info@vins-sparr.com<\/p>\n<p class=\"p9\">fax\u00a0: 03 89 47 32 62<\/p>\n<p class=\"p9\">Je \/ nous (*) vous notifie \/ notifions ma\u00a0\/ notre (*) r\u00e9tractation du contrat portant sur la vente des vins et\/ou cr\u00e9mants ci-dessous\u00a0:<\/p>\n<p class=\"p9\">Commande pass\u00e9e le\u00a0:<\/p>\n<p class=\"p9\">Commande re\u00e7ue le\u00a0:<\/p>\n<p class=\"p9\">NOM de l\u2019acheteur\u00a0:<\/p>\n<p class=\"p9\">ADRESSE de l\u2019acheteur\u00a0:<\/p>\n<p class=\"p9\">DATE\u00a0:<\/p>\n<p class=\"p9\">SIGNATURE\u00a0:<\/p>\n<p class=\"p9\">(*) Rayer la mention inutile<\/p>\n<p class=\"p9\">Adressez ce courrier en lettre recommand\u00e9 avec accus\u00e9 de r\u00e9ception<\/p>\n<p><\/p>","protected":false},"excerpt":{"rendered":"<p>CONDITIONS GENERALES DE VENTE\u00a0: Le site internet VINS-SPARR.COM est la propri\u00e9t\u00e9 de la soci\u00e9t\u00e9 Cave de Beblenheim pour le compte de La Maison Pierre Sparr Successeurs Capital de : 150,000 [&hellip;]<\/p>\n","protected":false},"author":1,"featured_media":0,"parent":0,"menu_order":7,"comment_status":"closed","ping_status":"closed","template":"","meta":{"_acf_changed":false,"footnotes":""},"class_list":["post-196","page","type-page","status-publish","hentry"],"acf":[],"yoast_head":"<!-- This site is optimized with the Yoast SEO plugin v25.9 - https:\/\/yoast.com\/wordpress\/plugins\/seo\/ -->\n<title>Conditions g\u00e9n\u00e9rales de vente - Maison PIERRE SPARR Successeurs<\/title>\n<meta name=\"robots\" content=\"index, follow, max-snippet:-1, max-image-preview:large, max-video-preview:-1\" \/>\n<link rel=\"canonical\" href=\"https:\/\/www.vins-sparr.com\/en\/conditions-generales-de-vente\/\" \/>\n<meta property=\"og:locale\" content=\"en_US\" \/>\n<meta property=\"og:type\" content=\"article\" \/>\n<meta property=\"og:title\" content=\"Conditions g\u00e9n\u00e9rales de vente - Maison PIERRE SPARR Successeurs\" \/>\n<meta property=\"og:description\" content=\"CONDITIONS GENERALES DE VENTE\u00a0: Le site internet VINS-SPARR.COM est la propri\u00e9t\u00e9 de la soci\u00e9t\u00e9 Cave de Beblenheim pour le compte de La Maison Pierre Sparr Successeurs Capital de : 150,000 [&hellip;]\" \/>\n<meta property=\"og:url\" content=\"https:\/\/www.vins-sparr.com\/en\/conditions-generales-de-vente\/\" \/>\n<meta property=\"og:site_name\" content=\"Maison PIERRE SPARR Successeurs\" \/>\n<meta property=\"article:modified_time\" content=\"2024-11-04T13:16:14+00:00\" \/>\n<meta name=\"twitter:card\" content=\"summary_large_image\" \/>\n<meta name=\"twitter:label1\" content=\"Est. reading time\" \/>\n\t<meta name=\"twitter:data1\" content=\"8 minutes\" \/>\n<script type=\"application\/ld+json\" class=\"yoast-schema-graph\">{\"@context\":\"https:\/\/schema.org\",\"@graph\":[{\"@type\":\"WebPage\",\"@id\":\"https:\/\/www.vins-sparr.com\/en\/conditions-generales-de-vente\/\",\"url\":\"https:\/\/www.vins-sparr.com\/en\/conditions-generales-de-vente\/\",\"name\":\"Conditions g\u00e9n\u00e9rales de vente - Maison PIERRE SPARR Successeurs\",\"isPartOf\":{\"@id\":\"https:\/\/www.vins-sparr.com\/en\/#website\"},\"datePublished\":\"2015-11-18T15:50:30+00:00\",\"dateModified\":\"2024-11-04T13:16:14+00:00\",\"breadcrumb\":{\"@id\":\"https:\/\/www.vins-sparr.com\/en\/conditions-generales-de-vente\/#breadcrumb\"},\"inLanguage\":\"en-US\",\"potentialAction\":[{\"@type\":\"ReadAction\",\"target\":[[\"https:\/\/www.vins-sparr.com\/en\/conditions-generales-de-vente\/\"]]}]},{\"@type\":\"BreadcrumbList\",\"@id\":\"https:\/\/www.vins-sparr.com\/en\/conditions-generales-de-vente\/#breadcrumb\",\"itemListElement\":[{\"@type\":\"ListItem\",\"position\":1,\"name\":\"Accueil\",\"item\":\"https:\/\/www.vins-sparr.com\/en\/\"},{\"@type\":\"ListItem\",\"position\":2,\"name\":\"Conditions g\u00e9n\u00e9rales de vente\"}]},{\"@type\":\"WebSite\",\"@id\":\"https:\/\/www.vins-sparr.com\/en\/#website\",\"url\":\"https:\/\/www.vins-sparr.com\/en\/\",\"name\":\"Maison PIERRE SPARR Successeurs\",\"description\":\"\",\"potentialAction\":[{\"@type\":\"SearchAction\",\"target\":{\"@type\":\"EntryPoint\",\"urlTemplate\":\"https:\/\/www.vins-sparr.com\/en\/?s={search_term_string}\"},\"query-input\":{\"@type\":\"PropertyValueSpecification\",\"valueRequired\":true,\"valueName\":\"search_term_string\"}}],\"inLanguage\":\"en-US\"}]}<\/script>\n<!-- \/ Yoast SEO plugin. -->","yoast_head_json":{"title":"Conditions g\u00e9n\u00e9rales de vente - Maison PIERRE SPARR Successeurs","robots":{"index":"index","follow":"follow","max-snippet":"max-snippet:-1","max-image-preview":"max-image-preview:large","max-video-preview":"max-video-preview:-1"},"canonical":"https:\/\/www.vins-sparr.com\/en\/conditions-generales-de-vente\/","og_locale":"en_US","og_type":"article","og_title":"Conditions g\u00e9n\u00e9rales de vente - Maison PIERRE SPARR Successeurs","og_description":"CONDITIONS GENERALES DE VENTE\u00a0: Le site internet VINS-SPARR.COM est la propri\u00e9t\u00e9 de la soci\u00e9t\u00e9 Cave de Beblenheim pour le compte de La Maison Pierre Sparr Successeurs Capital de : 150,000 [&hellip;]","og_url":"https:\/\/www.vins-sparr.com\/en\/conditions-generales-de-vente\/","og_site_name":"Maison PIERRE SPARR Successeurs","article_modified_time":"2024-11-04T13:16:14+00:00","twitter_card":"summary_large_image","twitter_misc":{"Est. reading time":"8 minutes"},"schema":{"@context":"https:\/\/schema.org","@graph":[{"@type":"WebPage","@id":"https:\/\/www.vins-sparr.com\/en\/conditions-generales-de-vente\/","url":"https:\/\/www.vins-sparr.com\/en\/conditions-generales-de-vente\/","name":"Conditions g\u00e9n\u00e9rales de vente - Maison PIERRE SPARR Successeurs","isPartOf":{"@id":"https:\/\/www.vins-sparr.com\/en\/#website"},"datePublished":"2015-11-18T15:50:30+00:00","dateModified":"2024-11-04T13:16:14+00:00","breadcrumb":{"@id":"https:\/\/www.vins-sparr.com\/en\/conditions-generales-de-vente\/#breadcrumb"},"inLanguage":"en-US","potentialAction":[{"@type":"ReadAction","target":[["https:\/\/www.vins-sparr.com\/en\/conditions-generales-de-vente\/"]]}]},{"@type":"BreadcrumbList","@id":"https:\/\/www.vins-sparr.com\/en\/conditions-generales-de-vente\/#breadcrumb","itemListElement":[{"@type":"ListItem","position":1,"name":"Accueil","item":"https:\/\/www.vins-sparr.com\/en\/"},{"@type":"ListItem","position":2,"name":"Conditions g\u00e9n\u00e9rales de vente"}]},{"@type":"WebSite","@id":"https:\/\/www.vins-sparr.com\/en\/#website","url":"https:\/\/www.vins-sparr.com\/en\/","name":"Maison PIERRE SPARR Successeurs","description":"","potentialAction":[{"@type":"SearchAction","target":{"@type":"EntryPoint","urlTemplate":"https:\/\/www.vins-sparr.com\/en\/?s={search_term_string}"},"query-input":{"@type":"PropertyValueSpecification","valueRequired":true,"valueName":"search_term_string"}}],"inLanguage":"en-US"}]}},"publishpress_future_action":{"enabled":false,"date":"2026-05-07 03:44:10","action":"change-status","newStatus":"draft","terms":[],"taxonomy":"","extraData":[]},"publishpress_future_workflow_manual_trigger":{"enabledWorkflows":[]},"_links":{"self":[{"href":"https:\/\/www.vins-sparr.com\/en\/wp-json\/wp\/v2\/pages\/196","targetHints":{"allow":["GET"]}}],"collection":[{"href":"https:\/\/www.vins-sparr.com\/en\/wp-json\/wp\/v2\/pages"}],"about":[{"href":"https:\/\/www.vins-sparr.com\/en\/wp-json\/wp\/v2\/types\/page"}],"author":[{"embeddable":true,"href":"https:\/\/www.vins-sparr.com\/en\/wp-json\/wp\/v2\/users\/1"}],"replies":[{"embeddable":true,"href":"https:\/\/www.vins-sparr.com\/en\/wp-json\/wp\/v2\/comments?post=196"}],"version-history":[{"count":27,"href":"https:\/\/www.vins-sparr.com\/en\/wp-json\/wp\/v2\/pages\/196\/revisions"}],"predecessor-version":[{"id":3937,"href":"https:\/\/www.vins-sparr.com\/en\/wp-json\/wp\/v2\/pages\/196\/revisions\/3937"}],"wp:attachment":[{"href":"https:\/\/www.vins-sparr.com\/en\/wp-json\/wp\/v2\/media?parent=196"}],"curies":[{"name":"wp","href":"https:\/\/api.w.org\/{rel}","templated":true}]}}